{"id":1194,"date":"2021-07-04T18:06:52","date_gmt":"2021-07-04T18:06:52","guid":{"rendered":"https:\/\/showmesailing.com\/hu\/?page_id=1194"},"modified":"2024-12-23T23:56:42","modified_gmt":"2024-12-23T22:56:42","slug":"kapcsolat","status":"publish","type":"page","link":"https:\/\/showmesailing.com\/hu\/kapcsolat\/","title":{"rendered":"KAPCSOLAT"},"content":{"rendered":"<p><div class=\"fusion-fullwidth fullwidth-box fusion-builder-row-1 fusion-flex-container nonhundred-percent-fullwidth non-hundred-percent-height-scrolling\" style=\"--awb-border-radius-top-left:0px;--awb-border-radius-top-right:0px;--awb-border-radius-bottom-right:0px;--awb-border-radius-bottom-left:0px;--awb-margin-top:3%;--awb-flex-wrap:wrap;\" ><div class=\"fusion-builder-row fusion-row fusion-flex-align-items-flex-start fusion-flex-content-wrap\" style=\"max-width:1144px;margin-left: calc(-4% \/ 2 );margin-right: calc(-4% \/ 2 );\"><div class=\"fusion-layout-column fusion_builder_column fusion-builder-column-0 fusion_builder_column_1_1 1_1 fusion-flex-column\" style=\"--awb-bg-size:cover;--awb-width-large:100%;--awb-margin-top-large:0px;--awb-spacing-right-large:1.92%;--awb-margin-bottom-large:20px;--awb-spacing-left-large:1.92%;--awb-width-medium:100%;--awb-order-medium:0;--awb-spacing-right-medium:1.92%;--awb-spacing-left-medium:1.92%;--awb-width-small:100%;--awb-order-small:0;--awb-spacing-right-small:1.92%;--awb-spacing-left-small:1.92%;\"><div class=\"fusion-column-wrapper fusion-column-has-shadow fusion-flex-justify-content-flex-start fusion-content-layout-column\"><div class=\"fusion-title title fusion-title-1 fusion-title-center fusion-title-text fusion-title-size-one\" style=\"--awb-margin-bottom:15px;--awb-margin-top-small:0px;--awb-margin-right-small:0px;--awb-margin-bottom-small:20px;--awb-margin-left-small:0px;--awb-sep-color:#67b7e1;\"><div class=\"title-sep-container title-sep-container-left\"><div class=\"title-sep sep-single sep-solid\" style=\"border-color:#67b7e1;\"><\/div><\/div><span class=\"awb-title-spacer\"><\/span><h1 class=\"fusion-title-heading title-heading-center fusion-responsive-typography-calculated\" style=\"margin:0;letter-spacing:2px;--fontSize:28;line-height:1.4;\">KAPCSOLAT<\/h1><span class=\"awb-title-spacer\"><\/span><div class=\"title-sep-container title-sep-container-right\"><div class=\"title-sep sep-single sep-solid\" style=\"border-color:#67b7e1;\"><\/div><\/div><\/div><\/div><\/div><\/div><\/div><div class=\"fusion-fullwidth fullwidth-box fusion-builder-row-2 fusion-flex-container fusion-parallax-none nonhundred-percent-fullwidth non-hundred-percent-height-scrolling lazyload\" style=\"--awb-border-radius-top-left:0px;--awb-border-radius-top-right:0px;--awb-border-radius-bottom-right:0px;--awb-border-radius-bottom-left:0px;--awb-padding-top:15px;--awb-padding-right:15px;--awb-padding-bottom:15px;--awb-padding-left:15px;--awb-background-size:cover;--awb-flex-wrap:wrap;\" data-bg=\"https:\/\/showmesailing.com\/hu\/wp-content\/uploads\/2021\/07\/kontakt-jedr.jpg\" ><div class=\"fusion-builder-row fusion-row fusion-flex-align-items-flex-start fusion-flex-content-wrap\" style=\"max-width:1144px;margin-left: calc(-4% \/ 2 );margin-right: calc(-4% \/ 2 );\"><div class=\"fusion-layout-column fusion_builder_column fusion-builder-column-1 fusion_builder_column_1_3 1_3 fusion-flex-column fusion-flex-align-self-center\" style=\"--awb-padding-top:15%;--awb-padding-right:5px;--awb-padding-bottom:15%;--awb-padding-left:5px;--awb-overflow:hidden;--awb-bg-color:rgba(103,183,225,0.9);--awb-bg-color-hover:rgba(103,183,225,0.9);--awb-bg-size:cover;--awb-border-radius:10px 0px 10px 0px;--awb-width-large:33.333333333333%;--awb-margin-top-large:0px;--awb-spacing-right-large:5.76%;--awb-margin-bottom-large:0px;--awb-spacing-left-large:5.76%;--awb-width-medium:100%;--awb-order-medium:0;--awb-spacing-right-medium:1.92%;--awb-spacing-left-medium:1.92%;--awb-width-small:100%;--awb-order-small:0;--awb-spacing-right-small:1.92%;--awb-spacing-left-small:1.92%;\" id=\"podaci\" data-scroll-devices=\"small-visibility,medium-visibility,large-visibility\"><div class=\"fusion-column-wrapper fusion-column-has-shadow fusion-flex-justify-content-center fusion-content-layout-column\"><div class=\"fusion-title title fusion-title-2 fusion-title-center fusion-title-text fusion-title-size-two\" style=\"--awb-margin-top:15px;--awb-margin-bottom:15px;--awb-margin-top-small:0px;--awb-margin-right-small:0px;--awb-margin-bottom-small:20px;--awb-margin-left-small:0px;--awb-sep-color:#67b7e1;\"><div class=\"title-sep-container title-sep-container-left\"><div class=\"title-sep sep-single sep-solid\" style=\"border-color:#67b7e1;\"><\/div><\/div><span class=\"awb-title-spacer\"><\/span><h2 class=\"fusion-title-heading title-heading-center fusion-responsive-typography-calculated\" style=\"margin:0;letter-spacing:2px;--fontSize:22;--minFontSize:22;line-height:1.5;\">SHOW ME SAILING<\/h2><span class=\"awb-title-spacer\"><\/span><div class=\"title-sep-container title-sep-container-right\"><div class=\"title-sep sep-single sep-solid\" style=\"border-color:#67b7e1;\"><\/div><\/div><\/div><div class=\"fusion-text fusion-text-1\"><p style=\"text-align: center;\">Telefon<br \/>\n<a href=\"tel:+36308130476\">+36 30 8130476<\/a><\/p>\n<\/div><div class=\"fusion-text fusion-text-2\"><p style=\"text-align: center;\">Email<br \/>\n<a href=\"mailto:booking.hu@showmesailing.com\">booking.hu@showmesailing.com<\/a><\/p>\n<\/div><div class=\"fusion-title title fusion-title-3 fusion-title-center fusion-title-text fusion-title-size-two\" style=\"--awb-margin-top:15px;--awb-margin-bottom:15px;--awb-margin-top-small:0px;--awb-margin-right-small:0px;--awb-margin-bottom-small:20px;--awb-margin-left-small:0px;--awb-sep-color:#67b7e1;\"><div class=\"title-sep-container title-sep-container-left\"><div class=\"title-sep sep-single sep-solid\" style=\"border-color:#67b7e1;\"><\/div><\/div><span class=\"awb-title-spacer\"><\/span><h2 class=\"fusion-title-heading title-heading-center fusion-responsive-typography-calculated\" style=\"margin:0;letter-spacing:2px;--fontSize:22;--minFontSize:22;line-height:1.5;\">C\u00c9GADATOK<\/h2><span class=\"awb-title-spacer\"><\/span><div class=\"title-sep-container title-sep-container-right\"><div class=\"title-sep sep-single sep-solid\" style=\"border-color:#67b7e1;\"><\/div><\/div><\/div><div class=\"fusion-text fusion-text-3\"><p style=\"text-align: center;\">C\u00e9g neve<br \/>\nCOFFEE COMPANY D.O.O.<\/p>\n<\/div><div class=\"fusion-text fusion-text-4\"><p style=\"text-align: center;\">C\u00edm<br \/>\nHektorovi\u0107eva 1b, 11000 Belgr\u00e1d<\/p>\n<\/div><div class=\"fusion-text fusion-text-5\"><p style=\"text-align: center;\">PIB: 106638149<br \/>\nMB: 20649577<\/p>\n<\/div><\/div><\/div><div class=\"fusion-layout-column fusion_builder_column fusion-builder-column-2 fusion_builder_column_2_3 2_3 fusion-flex-column\" style=\"--awb-bg-size:cover;--awb-width-large:66.666666666667%;--awb-margin-top-large:0px;--awb-spacing-right-large:2.88%;--awb-margin-bottom-large:0px;--awb-spacing-left-large:2.88%;--awb-width-medium:100%;--awb-order-medium:0;--awb-spacing-right-medium:1.92%;--awb-spacing-left-medium:1.92%;--awb-width-small:100%;--awb-order-small:0;--awb-spacing-right-small:1.92%;--awb-spacing-left-small:1.92%;\"><div class=\"fusion-column-wrapper fusion-column-has-shadow fusion-flex-justify-content-flex-start fusion-content-layout-column\"><div class=\"fusion-form fusion-form-builder fusion-form-form-wrapper fusion-form-1071\" style=\"--awb-tooltip-text-color:#ffffff;--awb-tooltip-background-color:#333333;\" data-form-id=\"1071\" data-config=\"{&quot;form_id&quot;:&quot;1071&quot;,&quot;form_post_id&quot;:&quot;1071&quot;,&quot;post_id&quot;:1194,&quot;form_type&quot;:&quot;ajax&quot;,&quot;confirmation_type&quot;:&quot;message&quot;,&quot;redirect_url&quot;:&quot;&quot;,&quot;redirect_timeout&quot;:&quot;0&quot;,&quot;field_labels&quot;:{&quot;vase_ime_i_prezime&quot;:&quot;N\\u00e9v&quot;,&quot;email&quot;:&quot;Email&quot;,&quot;telefon&quot;:&quot;telefon&quot;,&quot;poruka&quot;:&quot;\\u00dczenet&quot;,&quot;potvrda&quot;:&quot;&quot;},&quot;field_logics&quot;:{&quot;vase_ime_i_prezime&quot;:&quot;&quot;,&quot;email&quot;:&quot;&quot;,&quot;telefon&quot;:&quot;&quot;,&quot;poruka&quot;:&quot;&quot;,&quot;potvrda&quot;:&quot;&quot;,&quot;submit_1&quot;:&quot;&quot;,&quot;notice_1&quot;:&quot;&quot;},&quot;field_types&quot;:{&quot;vase_ime_i_prezime&quot;:&quot;text&quot;,&quot;email&quot;:&quot;email&quot;,&quot;telefon&quot;:&quot;phone_number&quot;,&quot;poruka&quot;:&quot;textarea&quot;,&quot;potvrda&quot;:&quot;checkbox&quot;,&quot;submit_1&quot;:&quot;submit&quot;,&quot;notice_1&quot;:&quot;notice&quot;,&quot;recaptcha_1&quot;:&quot;recaptcha&quot;},&quot;nonce_method&quot;:&quot;ajax&quot;,&quot;form_views&quot;:&quot;ajax&quot;,&quot;form_views_counting&quot;:&quot;all&quot;}\"><form action=\"https:\/\/showmesailing.com\/hu\/kapcsolat\/\" method=\"post\" class=\"fusion-form fusion-form-1071\"><div class=\"fusion-fullwidth fullwidth-box fusion-builder-row-2-1 fusion-flex-container nonhundred-percent-fullwidth non-hundred-percent-height-scrolling\" style=\"--awb-border-radius-top-left:0px;--awb-border-radius-top-right:0px;--awb-border-radius-bottom-right:0px;--awb-border-radius-bottom-left:0px;--awb-background-color:rgba(255,255,255,0.9);--awb-flex-wrap:wrap;\" ><div class=\"fusion-builder-row fusion-row fusion-flex-align-items-flex-start fusion-flex-content-wrap\" style=\"width:104% !important;max-width:104% !important;margin-left: calc(-4% \/ 2 );margin-right: calc(-4% \/ 2 );\"><div class=\"fusion-layout-column fusion_builder_column fusion-builder-column-3 fusion_builder_column_1_1 1_1 fusion-flex-column\" style=\"--awb-padding-top:5px;--awb-padding-right:5px;--awb-padding-bottom:5px;--awb-padding-left:5px;--awb-bg-size:cover;--awb-width-large:100%;--awb-flex-grow:0;--awb-flex-shrink:0;--awb-margin-top-large:0px;--awb-spacing-right-large:1.92%;--awb-margin-bottom-large:20px;--awb-spacing-left-large:1.92%;--awb-width-medium:100%;--awb-order-medium:0;--awb-flex-grow-medium:0;--awb-flex-shrink-medium:0;--awb-spacing-right-medium:1.92%;--awb-spacing-left-medium:1.92%;--awb-width-small:100%;--awb-order-small:0;--awb-flex-grow-small:0;--awb-flex-shrink-small:0;--awb-spacing-right-small:1.92%;--awb-spacing-left-small:1.92%;\"><div class=\"fusion-column-wrapper fusion-column-has-shadow fusion-flex-justify-content-flex-start fusion-content-layout-column\"><div class=\"fusion-form-field fusion-form-text-field fusion-form-label-above\" style=\"\" data-form-id=\"1071\"><div class=\"fusion-form-label-wrapper\"><label for=\"vase_ime_i_prezime\">N\u00e9v <abbr class=\"fusion-form-element-required\" title=\"required\">*<\/abbr><\/label><div class=\"fusion-form-tooltip\"><i class=\"awb-icon-question-circle\"><\/i><span class=\"fusion-form-tooltip-content\">K\u00e9rj\u00fck, \u00edrja ide a nev\u00e9t<\/span><\/div><\/div><div class=\"fusion-form-input-with-icon\"><i class=\"awb-form-icon fa-user fas\"><\/i><input type=\"text\" autocomplete=\"off\"  data-empty-notice=\"ez a mez\u0151 k\u00f6telez\u0151 ...\" name=\"vase_ime_i_prezime\" id=\"vase_ime_i_prezime\" value=\"\"  class=\"fusion-form-input\" required=\"true\" aria-required=\"true\" placeholder=\"N\u00e9v ... *\" data-holds-private-data=\"false\" minlength=\"3\"\/><\/div><\/div><div class=\"fusion-form-field fusion-form-email-field fusion-form-label-above\" style=\"\" data-form-id=\"1071\"><div class=\"fusion-form-label-wrapper\"><label for=\"email\">Email <abbr class=\"fusion-form-element-required\" title=\"required\">*<\/abbr><\/label><div class=\"fusion-form-tooltip\"><i class=\"awb-icon-question-circle\"><\/i><span class=\"fusion-form-tooltip-content\">K\u00e9rj\u00fck, ide \u00edrja be az e-mail c\u00edm\u00e9t<\/span><\/div><\/div><div class=\"fusion-form-input-with-icon\"><i class=\"awb-form-icon fa-at fas\"><\/i><input type=\"email\" autocomplete=\"off\"  data-empty-notice=\"ez a mez\u0151 k\u00f6telez\u0151\" name=\"email\" id=\"email\" value=\"\"  class=\"fusion-form-input\" required=\"true\" aria-required=\"true\" placeholder=\"e-mail c\u00edm\u00e9t ... *\" data-holds-private-data=\"false\"\/><\/div><\/div><div class=\"fusion-form-field fusion-form-phone-number-field fusion-form-label-above\" style=\"\" data-form-id=\"1071\"><div class=\"fusion-form-label-wrapper\"><label for=\"telefon\">telefon<\/label><div class=\"fusion-form-tooltip\"><i class=\"awb-icon-question-circle\"><\/i><span class=\"fusion-form-tooltip-content\">k\u00e9rj\u00fck \u00edrja be ide a telefonsz\u00e1m\u00e1t<\/span><\/div><\/div><div class=\"fusion-form-input-with-icon\"><i class=\"awb-form-icon fa-phone-square-alt fas\"><\/i><input type=\"tel\" autocomplete=\"off\" name=\"telefon\" id=\"telefon\" value=\"\"  class=\"fusion-form-input\" placeholder=\"telefon (v\u00e1laszthat\u00f3) \" data-holds-private-data=\"false\"\/><\/div><\/div><div class=\"fusion-form-field fusion-form-textarea-field fusion-form-label-above\" style=\"\" data-form-id=\"1071\"><label for=\"poruka\">\u00dczenet <abbr class=\"fusion-form-element-required\" title=\"required\">*<\/abbr><\/label><div class=\"fusion-form-tooltip\"><i class=\"awb-icon-question-circle\"><\/i><span class=\"fusion-form-tooltip-content\">K\u00e9rj\u00fck, \u00edrja be ide az \u00fczenet\u00e9t<\/span><\/div><div class=\"fusion-form-input-with-icon\"><i class=\" fa-comment-alt fas\"><\/i><textarea cols=\"40\" autocomplete=\"off\"  minlength=\"0\"  rows=\"6\" tabindex=\"\" id=\"poruka\" name=\"poruka\" class=\"fusion-form-input\" required=\"true\" aria-required=\"true\" placeholder=\"\u00dczenet... *\" data-holds-private-data=\"false\"><\/textarea><\/div><\/div><div class=\"fusion-form-field fusion-form-checkbox-field fusion-form-label-above\" style=\"\" data-form-id=\"1071\"><fieldset><div class=\"fusion-form-checkbox\"><input data-empty-notice=\"k\u00f6telez\u0151 mez\u0151\" tabindex=\"\" id=\"checkbox-potvrda-1-0\" type=\"checkbox\" value=\"Meger\u0151s\u00edtem, hogy elolvastam az adatv\u00e9delmi ir\u00e1nyelveket \u00e9s a jogi nyilatkozatot.\" name=\"potvrda[]\" class=\"fusion-form-input\" required=\"true\" aria-required=\"true\" data-holds-private-data=\"false\"\/><label for=\"checkbox-potvrda-1-0\">Meger\u0151s\u00edtem, hogy elolvastam az adatv\u00e9delmi ir\u00e1nyelveket \u00e9s a jogi nyilatkozatot.<\/label><\/div><\/fieldset><\/div><div class=\"fusion-form-field fusion-form-submit-field fusion-form-label-above\" style=\"\" data-form-id=\"1071\"><div style=\"text-align:center;\"><button type=\"submit\" class=\"fusion-button button-flat button-medium button-default fusion-button-default button-1 fusion-button-default-span  button-default form-form-submit\" style=\"--button_text_transform:uppercase;\" data-form-number=\"1071\" tabindex=\"\"><span class=\"fusion-button-icon-divider button-icon-divider-left\"><i class=\"fa-paper-plane fas awb-button__icon awb-button__icon--default\" aria-hidden=\"true\"><\/i><\/span><span class=\"fusion-button-text awb-button__text awb-button__text--default fusion-button-text-left\">K\u00fcld\u00e9s<\/span><\/button><\/div><\/div><div class=\"form-submission-notices data-notice_1\" id=\"fusion-notices-1\" data-instance=\"1\"><div class=\"fusion-alert alert success alert-success fusion-alert-center fusion-form-response fusion-form-response-success fusion-alert-capitalize awb-alert-native-link-color alert-dismissable awb-alert-close-boxed\" role=\"alert\"><div class=\"fusion-alert-content-wrapper\"><span class=\"alert-icon\"><i class=\"awb-icon-check-circle\" aria-hidden=\"true\"><\/i><\/span><span class=\"fusion-alert-content\">K\u00f6sz\u00f6nj\u00fck az \u00fczenetet. Az \u00fczenet elk\u00fcldve.<\/span><\/div><button type=\"button\" class=\"close toggle-alert\" data-dismiss=\"alert\" aria-label=\"Close\">&times;<\/button><\/div><div class=\"fusion-alert alert error alert-danger fusion-alert-center fusion-form-response fusion-form-response-error fusion-alert-capitalize awb-alert-native-link-color alert-dismissable awb-alert-close-boxed\" role=\"alert\"><div class=\"fusion-alert-content-wrapper\"><span class=\"alert-icon\"><i class=\"awb-icon-exclamation-triangle\" aria-hidden=\"true\"><\/i><\/span><span class=\"fusion-alert-content\">Hiba t\u00f6rt\u00e9nt az \u00fczenet k\u00fcld\u00e9sekor. K\u00e9rj\u00fck, pr\u00f3b\u00e1lja \u00fajra k\u00e9s\u0151bb.<\/span><\/div><button type=\"button\" class=\"close toggle-alert\" data-dismiss=\"alert\" aria-label=\"Close\">&times;<\/button><\/div><\/div><div class=\"fusion-form-field fusion-form-recaptcha-field fusion-form-label-above\" style=\"\" data-form-id=\"1071\">\t\t\t\t<div class=\"form-creator-recaptcha\" >\n\t\t\t\t\t\t\t\t\t\t\t\t\t\t\t\t\t\t\t\t\t\t\t<div class=\"fusion-form-recaptcha-wrapper\">\n\t\t\t\t\t\t\t\t\t\t<div\n\t\t\t\t\t\t\tid=\"g-recaptcha-id-form-1071\"\n\t\t\t\t\t\t\tclass=\"fusion-form-recaptcha-v3 recaptcha-container \"\n\t\t\t\t\t\t\tdata-sitekey=\"6LeIlVApAAAAANnokn6p8_IeQHBy8DqCfkoosX6_\"\n\t\t\t\t\t\t\tdata-badge=\"bottomright\">\n\t\t\t\t\t\t<\/div>\n\t\t\t\t\t\t<input\n\t\t\t\t\t\t\ttype=\"hidden\"\n\t\t\t\t\t\t\tname=\"fusion-form-recaptcha-response\"\n\t\t\t\t\t\t\tclass=\"g-recaptcha-response\"\n\t\t\t\t\t\t\tid=\"fusion-form-recaptcha-response-1071\"\n\t\t\t\t\t\t\tvalue=\"\">\n\t\t\t\t\t\t\t\t\t<\/div>\n\t\t\t\t\t\t\t\t\t\t\t\t\t\t\t<\/div>\n\t\t\t\t<\/div><\/div><\/div><\/div><\/div><input type=\"hidden\" name=\"fusion_privacy_store_ip_ua\" value=\"true\"><input type=\"hidden\" name=\"fusion_privacy_expiration_interval\" value=\"1\"><input type=\"hidden\" name=\"privacy_expiration_action\" value=\"anonymize\"><\/form><\/div><\/div><\/div><\/div><\/div><\/p>\n","protected":false},"excerpt":{"rendered":"","protected":false},"author":2,"featured_media":0,"parent":0,"menu_order":0,"comment_status":"closed","ping_status":"closed","template":"","meta":{"footnotes":""},"class_list":["post-1194","page","type-page","status-publish","hentry"],"yoast_head":"<!-- This site is optimized with the Yoast SEO plugin v27.5 - https:\/\/yoast.com\/product\/yoast-seo-wordpress\/ -->\n<title>KAPCSOLAT - Telefon: +36 30 8130476 | E-mail: booking.hu@showmesailing.com | Nyaral\u00e1s Last Minute - Vitorl\u00e1z\u00e1s - G\u00f6r\u00f6gorsz\u00e1g - Horv\u00e1torsz\u00e1g - Olaszorsz\u00e1g<\/title>\n<meta name=\"description\" content=\"KONTAKT - Telefon 065 335 7622 | Email office@europaint.rs | Letovanje Last Minute - Jedrenje - Gr\u010dka - Hrvatska - Italija\" \/>\n<meta name=\"robots\" content=\"index, follow, max-snippet:-1, max-image-preview:large, max-video-preview:-1\" \/>\n<link rel=\"canonical\" href=\"https:\/\/showmesailing.com\/hu\/kapcsolat\/\" \/>\n<meta property=\"og:locale\" content=\"en_US\" \/>\n<meta property=\"og:type\" content=\"article\" \/>\n<meta property=\"og:title\" content=\"KAPCSOLAT - Telefon: +36 30 8130476 | E-mail: booking.hu@showmesailing.com | Nyaral\u00e1s Last Minute - Vitorl\u00e1z\u00e1s - G\u00f6r\u00f6gorsz\u00e1g - Horv\u00e1torsz\u00e1g - Olaszorsz\u00e1g\" \/>\n<meta property=\"og:description\" content=\"KONTAKT - Telefon 065 335 7622 | Email office@europaint.rs | Letovanje Last Minute - Jedrenje - Gr\u010dka - Hrvatska - Italija\" \/>\n<meta property=\"og:url\" content=\"https:\/\/showmesailing.com\/hu\/kapcsolat\/\" \/>\n<meta property=\"og:site_name\" content=\"ShowMeSailing.com-Hu\" \/>\n<meta property=\"article:modified_time\" content=\"2024-12-23T22:56:42+00:00\" \/>\n<meta name=\"twitter:card\" content=\"summary_large_image\" \/>\n<meta name=\"twitter:label1\" content=\"Est. reading time\" \/>\n\t<meta name=\"twitter:data1\" content=\"1 minute\" \/>\n<script type=\"application\/ld+json\" class=\"yoast-schema-graph\">{\"@context\":\"https:\\\/\\\/schema.org\",\"@graph\":[{\"@type\":\"WebPage\",\"@id\":\"https:\\\/\\\/showmesailing.com\\\/hu\\\/kapcsolat\\\/\",\"url\":\"https:\\\/\\\/showmesailing.com\\\/hu\\\/kapcsolat\\\/\",\"name\":\"KAPCSOLAT - Telefon: +36 30 8130476 | E-mail: booking.hu@showmesailing.com | Nyaral\u00e1s Last Minute - Vitorl\u00e1z\u00e1s - G\u00f6r\u00f6gorsz\u00e1g - Horv\u00e1torsz\u00e1g - Olaszorsz\u00e1g\",\"isPartOf\":{\"@id\":\"https:\\\/\\\/showmesailing.com\\\/hu\\\/#website\"},\"datePublished\":\"2021-07-04T18:06:52+00:00\",\"dateModified\":\"2024-12-23T22:56:42+00:00\",\"description\":\"KONTAKT - Telefon 065 335 7622 | Email office@europaint.rs | Letovanje Last Minute - Jedrenje - Gr\u010dka - Hrvatska - Italija\",\"breadcrumb\":{\"@id\":\"https:\\\/\\\/showmesailing.com\\\/hu\\\/kapcsolat\\\/#breadcrumb\"},\"inLanguage\":\"en-US\",\"potentialAction\":[{\"@type\":\"ReadAction\",\"target\":[\"https:\\\/\\\/showmesailing.com\\\/hu\\\/kapcsolat\\\/\"]}]},{\"@type\":\"BreadcrumbList\",\"@id\":\"https:\\\/\\\/showmesailing.com\\\/hu\\\/kapcsolat\\\/#breadcrumb\",\"itemListElement\":[{\"@type\":\"ListItem\",\"position\":1,\"name\":\"Home\",\"item\":\"https:\\\/\\\/showmesailing.com\\\/hu\\\/\"},{\"@type\":\"ListItem\",\"position\":2,\"name\":\"KAPCSOLAT\"}]},{\"@type\":\"WebSite\",\"@id\":\"https:\\\/\\\/showmesailing.com\\\/hu\\\/#website\",\"url\":\"https:\\\/\\\/showmesailing.com\\\/hu\\\/\",\"name\":\"ShowMeSailing.com-Hu\",\"description\":\"Cs\u00f3nakb\u00e9rl\u00e9s | Vitorl\u00e1s jacht\",\"potentialAction\":[{\"@type\":\"SearchAction\",\"target\":{\"@type\":\"EntryPoint\",\"urlTemplate\":\"https:\\\/\\\/showmesailing.com\\\/hu\\\/?s={search_term_string}\"},\"query-input\":{\"@type\":\"PropertyValueSpecification\",\"valueRequired\":true,\"valueName\":\"search_term_string\"}}],\"inLanguage\":\"en-US\"}]}<\/script>\n<!-- \/ Yoast SEO plugin. -->","yoast_head_json":{"title":"KAPCSOLAT - Telefon: +36 30 8130476 | E-mail: booking.hu@showmesailing.com | Nyaral\u00e1s Last Minute - Vitorl\u00e1z\u00e1s - G\u00f6r\u00f6gorsz\u00e1g - Horv\u00e1torsz\u00e1g - Olaszorsz\u00e1g","description":"KONTAKT - Telefon 065 335 7622 | Email office@europaint.rs | Letovanje Last Minute - Jedrenje - Gr\u010dka - Hrvatska - Italija","robots":{"index":"index","follow":"follow","max-snippet":"max-snippet:-1","max-image-preview":"max-image-preview:large","max-video-preview":"max-video-preview:-1"},"canonical":"https:\/\/showmesailing.com\/hu\/kapcsolat\/","og_locale":"en_US","og_type":"article","og_title":"KAPCSOLAT - Telefon: +36 30 8130476 | E-mail: booking.hu@showmesailing.com | Nyaral\u00e1s Last Minute - Vitorl\u00e1z\u00e1s - G\u00f6r\u00f6gorsz\u00e1g - Horv\u00e1torsz\u00e1g - Olaszorsz\u00e1g","og_description":"KONTAKT - Telefon 065 335 7622 | Email office@europaint.rs | Letovanje Last Minute - Jedrenje - Gr\u010dka - Hrvatska - Italija","og_url":"https:\/\/showmesailing.com\/hu\/kapcsolat\/","og_site_name":"ShowMeSailing.com-Hu","article_modified_time":"2024-12-23T22:56:42+00:00","twitter_card":"summary_large_image","twitter_misc":{"Est. reading time":"1 minute"},"schema":{"@context":"https:\/\/schema.org","@graph":[{"@type":"WebPage","@id":"https:\/\/showmesailing.com\/hu\/kapcsolat\/","url":"https:\/\/showmesailing.com\/hu\/kapcsolat\/","name":"KAPCSOLAT - Telefon: +36 30 8130476 | E-mail: booking.hu@showmesailing.com | Nyaral\u00e1s Last Minute - Vitorl\u00e1z\u00e1s - G\u00f6r\u00f6gorsz\u00e1g - Horv\u00e1torsz\u00e1g - Olaszorsz\u00e1g","isPartOf":{"@id":"https:\/\/showmesailing.com\/hu\/#website"},"datePublished":"2021-07-04T18:06:52+00:00","dateModified":"2024-12-23T22:56:42+00:00","description":"KONTAKT - Telefon 065 335 7622 | Email office@europaint.rs | Letovanje Last Minute - Jedrenje - Gr\u010dka - Hrvatska - Italija","breadcrumb":{"@id":"https:\/\/showmesailing.com\/hu\/kapcsolat\/#breadcrumb"},"inLanguage":"en-US","potentialAction":[{"@type":"ReadAction","target":["https:\/\/showmesailing.com\/hu\/kapcsolat\/"]}]},{"@type":"BreadcrumbList","@id":"https:\/\/showmesailing.com\/hu\/kapcsolat\/#breadcrumb","itemListElement":[{"@type":"ListItem","position":1,"name":"Home","item":"https:\/\/showmesailing.com\/hu\/"},{"@type":"ListItem","position":2,"name":"KAPCSOLAT"}]},{"@type":"WebSite","@id":"https:\/\/showmesailing.com\/hu\/#website","url":"https:\/\/showmesailing.com\/hu\/","name":"ShowMeSailing.com-Hu","description":"Cs\u00f3nakb\u00e9rl\u00e9s | Vitorl\u00e1s jacht","potentialAction":[{"@type":"SearchAction","target":{"@type":"EntryPoint","urlTemplate":"https:\/\/showmesailing.com\/hu\/?s={search_term_string}"},"query-input":{"@type":"PropertyValueSpecification","valueRequired":true,"valueName":"search_term_string"}}],"inLanguage":"en-US"}]}},"_links":{"self":[{"href":"https:\/\/showmesailing.com\/hu\/wp-json\/wp\/v2\/pages\/1194","targetHints":{"allow":["GET"]}}],"collection":[{"href":"https:\/\/showmesailing.com\/hu\/wp-json\/wp\/v2\/pages"}],"about":[{"href":"https:\/\/showmesailing.com\/hu\/wp-json\/wp\/v2\/types\/page"}],"author":[{"embeddable":true,"href":"https:\/\/showmesailing.com\/hu\/wp-json\/wp\/v2\/users\/2"}],"replies":[{"embeddable":true,"href":"https:\/\/showmesailing.com\/hu\/wp-json\/wp\/v2\/comments?post=1194"}],"version-history":[{"count":5,"href":"https:\/\/showmesailing.com\/hu\/wp-json\/wp\/v2\/pages\/1194\/revisions"}],"predecessor-version":[{"id":2201,"href":"https:\/\/showmesailing.com\/hu\/wp-json\/wp\/v2\/pages\/1194\/revisions\/2201"}],"wp:attachment":[{"href":"https:\/\/showmesailing.com\/hu\/wp-json\/wp\/v2\/media?parent=1194"}],"curies":[{"name":"wp","href":"https:\/\/api.w.org\/{rel}","templated":true}]}}