{"id":1352,"date":"2021-08-06T09:05:44","date_gmt":"2021-08-06T09:05:44","guid":{"rendered":"https:\/\/showmesailing.com\/?page_id=1352"},"modified":"2025-10-10T23:06:35","modified_gmt":"2025-10-10T21:06:35","slug":"felelossegkizaras","status":"publish","type":"page","link":"https:\/\/showmesailing.com\/hu\/felelossegkizaras\/","title":{"rendered":"A FELEL\u0150SS\u00c9G NYILATKOZATA"},"content":{"rendered":"<div class=\"fusion-fullwidth fullwidth-box fusion-builder-row-1 fusion-flex-container nonhundred-percent-fullwidth non-hundred-percent-height-scrolling\" style=\"--awb-border-radius-top-left:0px;--awb-border-radius-top-right:0px;--awb-border-radius-bottom-right:0px;--awb-border-radius-bottom-left:0px;--awb-flex-wrap:wrap;\" ><div class=\"fusion-builder-row fusion-row fusion-flex-align-items-flex-start fusion-flex-content-wrap\" style=\"max-width:1144px;margin-left: calc(-4% \/ 2 );margin-right: calc(-4% \/ 2 );\"><div class=\"fusion-layout-column fusion_builder_column fusion-builder-column-0 fusion_builder_column_1_1 1_1 fusion-flex-column\" style=\"--awb-bg-size:cover;--awb-width-large:100%;--awb-margin-top-large:0px;--awb-spacing-right-large:1.92%;--awb-margin-bottom-large:20px;--awb-spacing-left-large:1.92%;--awb-width-medium:100%;--awb-order-medium:0;--awb-spacing-right-medium:1.92%;--awb-spacing-left-medium:1.92%;--awb-width-small:100%;--awb-order-small:0;--awb-spacing-right-small:1.92%;--awb-spacing-left-small:1.92%;\"><div class=\"fusion-column-wrapper fusion-column-has-shadow fusion-flex-justify-content-flex-start fusion-content-layout-column\"><div class=\"fusion-alert alert custom alert-custom fusion-alert-center awb-alert-native-link-color\" style=\"--awb-background-color:#ffffff;--awb-accent-color:#808080;--awb-border-size:0px;--awb-border-top-left-radius:0px;--awb-border-top-right-radius:0px;--awb-border-bottom-left-radius:0px;--awb-border-bottom-right-radius:0px;\" role=\"alert\"><div class=\"fusion-alert-content-wrapper\"><span class=\"alert-icon\"><i class=\"fa-book-open fas\" aria-hidden=\"true\"><\/i><\/span><span class=\"fusion-alert-content\"><h3>FELEL\u0150SS\u00c9G KIZ\u00c1R\u00c1SA<\/h3>\n<p>Utols\u00f3 friss\u00edt\u00e9s d\u00e1tuma: 2025. okt\u00f3ber 10.<\/p>\n<h3>\u00c9rtelmez\u00e9s \u00e9s meghat\u00e1roz\u00e1sok<\/h3>\n<p>Azok a szavak, amelyek nagybet\u0171vel kezd\u0151dnek, a k\u00f6vetkez\u0151 felt\u00e9telek mellett meghat\u00e1rozott jelent\u00e9ssel b\u00edrnak. Az al\u00e1bbi meghat\u00e1roz\u00e1sok ugyanazt a jelent\u00e9st hordozz\u00e1k, f\u00fcggetlen\u00fcl att\u00f3l, hogy egyes vagy t\u00f6bbes sz\u00e1mban fordulnak el\u0151.<\/p>\n<p>Meghat\u00e1roz\u00e1sok<br \/>\nEzen felel\u0151ss\u00e9gkiz\u00e1r\u00e1si nyilatkozat c\u00e9ljaira:<\/p>\n<p>T\u00e1rsas\u00e1g (a tov\u00e1bbiakban \u201eMi\u201d, \u201eMinket\u201d vagy \u201eMi\u00e9nk\u201d) a Show Me Sailing-re utal, c\u00edme: Strumi\u010dka 86\/I, 11000 Belgr\u00e1d.<br \/>\nSzolg\u00e1ltat\u00e1s a Weboldalra utal.<br \/>\n\u00d6n arra a szem\u00e9lyre utal, aki hozz\u00e1f\u00e9r a Szolg\u00e1ltat\u00e1shoz, vagy arra a v\u00e1llalatra, illetve jogi szem\u00e9lyre, amelynek nev\u00e9ben ez a szem\u00e9ly hozz\u00e1f\u00e9r\u00e9st kapott vagy haszn\u00e1lja a Szolg\u00e1ltat\u00e1st.<br \/>\nWeboldal a Show Me Sailing weboldalra utal, amely el\u00e9rhet\u0151 a k\u00f6vetkez\u0151 c\u00edmen: https:\/\/showmesailing.com\/hu\/.<br \/>\nFelel\u0151ss\u00e9g kiz\u00e1r\u00e1sa<br \/>\nA Szolg\u00e1ltat\u00e1sban szerepl\u0151 inform\u00e1ci\u00f3k kiz\u00e1r\u00f3lag \u00e1ltal\u00e1nos t\u00e1j\u00e9koztat\u00e1si c\u00e9lokat szolg\u00e1lnak.<\/p>\n<p>A T\u00e1rsas\u00e1g nem v\u00e1llal felel\u0151ss\u00e9get a Szolg\u00e1ltat\u00e1s tartalm\u00e1ban tal\u00e1lhat\u00f3 hib\u00e1k\u00e9rt vagy mulaszt\u00e1sok\u00e9rt.<\/p>\n<p>A T\u00e1rsas\u00e1g semmilyen k\u00f6r\u00fclm\u00e9nyek k\u00f6z\u00f6tt nem vonhat\u00f3 felel\u0151ss\u00e9gre semmilyen k\u00fcl\u00f6nleges, k\u00f6zvetlen, k\u00f6zvetett, k\u00f6vetkezm\u00e9nyes vagy v\u00e9letlen k\u00e1r\u00e9rt, illetve semmilyen m\u00e1s k\u00e1r\u00e9rt, amely szerz\u0151d\u00e9ses k\u00f6telezetts\u00e9gb\u0151l, gondatlans\u00e1gb\u00f3l vagy m\u00e1s jogs\u00e9rt\u00e9sb\u0151l ered, \u00e9s amely a Szolg\u00e1ltat\u00e1s haszn\u00e1lat\u00e1b\u00f3l vagy annak tartalm\u00e1b\u00f3l sz\u00e1rmazik, illetve azzal kapcsolatos.<\/p>\n<p>A T\u00e1rsas\u00e1g fenntartja a jogot arra, hogy b\u00e1rmikor el\u0151zetes \u00e9rtes\u00edt\u00e9s n\u00e9lk\u00fcl hozz\u00e1adjon, t\u00f6r\u00f6lj\u00f6n vagy m\u00f3dos\u00edtson tartalmakat a Szolg\u00e1ltat\u00e1sban. Ez a felel\u0151ss\u00e9gkiz\u00e1r\u00e1si nyilatkozat a Felel\u0151ss\u00e9gkiz\u00e1r\u00e1s Gener\u00e1tor seg\u00edts\u00e9g\u00e9vel k\u00e9sz\u00fclt.<\/p>\n<p>A T\u00e1rsas\u00e1g nem garant\u00e1lja, hogy a Szolg\u00e1ltat\u00e1s v\u00edrusokt\u00f3l vagy m\u00e1s k\u00e1ros \u00f6sszetev\u0151kt\u0151l mentes.<\/p>\n<h3>K\u00dcLS\u0150 HIVATKOZ\u00c1SOK FELEL\u0150SS\u00c9G KIZ\u00c1R\u00c1SA<\/h3>\n<p>A Szolg\u00e1ltat\u00e1s tartalmazhat hivatkoz\u00e1sokat olyan k\u00fcls\u0151 weboldalakra, amelyeket nem a T\u00e1rsas\u00e1g \u00fczemeltet, tart karban, vagy amelyekkel a T\u00e1rsas\u00e1g b\u00e1rmilyen m\u00f3don kapcsolatban \u00e1ll.<\/p>\n<p>K\u00e9rj\u00fck, vegye figyelembe, hogy a T\u00e1rsas\u00e1g nem v\u00e1llal garanci\u00e1t a k\u00fcls\u0151 weboldalakon tal\u00e1lhat\u00f3 inform\u00e1ci\u00f3k pontoss\u00e1g\u00e1\u00e9rt, relevanci\u00e1j\u00e1\u00e9rt, id\u0151szer\u0171s\u00e9g\u00e9\u00e9rt vagy teljess\u00e9g\u00e9\u00e9rt.<\/p>\n<h3>HIB\u00c1K \u00c9S MULASZT\u00c1SOK FELEL\u0150SS\u00c9G KIZ\u00c1R\u00c1SA<\/h3>\n<p>A Szolg\u00e1ltat\u00e1s \u00e1ltal ny\u00fajtott inform\u00e1ci\u00f3k kiz\u00e1r\u00f3lag \u00e1ltal\u00e1nos ir\u00e1nymutat\u00e1sk\u00e9nt szolg\u00e1lnak az \u00e9rdekl\u0151d\u00e9si k\u00f6r\u00e9be tartoz\u00f3 k\u00e9rd\u00e9sekkel kapcsolatban. Noha a T\u00e1rsas\u00e1g minden \u00f3vint\u00e9zked\u00e9st megtesz annak \u00e9rdek\u00e9ben, hogy a Szolg\u00e1ltat\u00e1s tartalma naprak\u00e9sz \u00e9s pontos legyen, hib\u00e1k el\u0151fordulhatnak.<\/p>\n<p>Ezen t\u00falmen\u0151en, tekintettel a jogszab\u00e1lyok, szab\u00e1lyok \u00e9s el\u0151\u00edr\u00e1sok v\u00e1ltoz\u00f3 term\u00e9szet\u00e9re, k\u00e9s\u00e9sek, mulaszt\u00e1sok vagy pontatlans\u00e1gok fordulhatnak el\u0151 a Szolg\u00e1ltat\u00e1sban szerepl\u0151 inform\u00e1ci\u00f3kban.<\/p>\n<p>A T\u00e1rsas\u00e1g nem v\u00e1llal felel\u0151ss\u00e9get semmilyen hib\u00e1\u00e9rt vagy mulaszt\u00e1s\u00e9rt, sem az ezen inform\u00e1ci\u00f3k felhaszn\u00e1l\u00e1s\u00e1b\u00f3l sz\u00e1rmaz\u00f3 eredm\u00e9nyek\u00e9rt.<\/p>\n<h3>V\u00c9LEM\u00c9NYEKRE VONATKOZ\u00d3 FELEL\u0150SS\u00c9G KIZ\u00c1R\u00c1SA<\/h3>\n<p>A Szolg\u00e1ltat\u00e1s tartalmazhat szerz\u0151i v\u00e9lem\u00e9nyeket \u00e9s n\u00e9zeteket, amelyek nem felt\u00e9tlen\u00fcl t\u00fckr\u00f6zik a T\u00e1rsas\u00e1g, m\u00e1s szerz\u0151k, \u00fcgyn\u00f6ks\u00e9gek, szervezetek, munk\u00e1ltat\u00f3k vagy b\u00e1rmely m\u00e1s t\u00e1rsas\u00e1g hivatalos politik\u00e1j\u00e1t vagy \u00e1ll\u00e1spontj\u00e1t.<\/p>\n<p>A felhaszn\u00e1l\u00f3k \u00e1ltal k\u00f6zz\u00e9tett hozz\u00e1sz\u00f3l\u00e1sok kiz\u00e1r\u00f3lag a hozz\u00e1sz\u00f3l\u00f3k v\u00e9lem\u00e9ny\u00e9t t\u00fckr\u00f6zik, \u00e9s \u0151k teljes felel\u0151ss\u00e9get v\u00e1llalnak azok tartalm\u00e1\u00e9rt. A hozz\u00e1sz\u00f3l\u00f3k felel\u0151sek minden olyan k\u00e1r\u00e9rt, jogi elj\u00e1r\u00e1s\u00e9rt vagy r\u00e1galmaz\u00e1si k\u00f6vetkezm\u00e9ny\u00e9rt, amely az \u00e1ltaluk k\u00f6zz\u00e9tett megjegyz\u00e9sekb\u0151l sz\u00e1rmazik, vagy amely k\u00f6zvetlen\u00fcl ezek eredm\u00e9nyek\u00e9nt keletkezik.<\/p>\n<p>A T\u00e1rsas\u00e1g nem v\u00e1llal felel\u0151ss\u00e9get a felhaszn\u00e1l\u00f3k \u00e1ltal k\u00f6zz\u00e9tett megjegyz\u00e9sek\u00e9rt, \u00e9s fenntartja a jogot, hogy b\u00e1rmilyen hozz\u00e1sz\u00f3l\u00e1st b\u00e1rmilyen okb\u00f3l t\u00f6r\u00f6lj\u00f6n.<\/p>\n<h3>FELEL\u0150SS\u00c9G KIZ\u00c1R\u00c1SA \u2013 \u201eSAJ\u00c1T KOCK\u00c1ZATRA VAL\u00d3 HASZN\u00c1LAT\u201d<\/h3>\n<p>A Szolg\u00e1ltat\u00e1sban tal\u00e1lhat\u00f3 \u00f6sszes inform\u00e1ci\u00f3 \u201eadott \u00e1llapotban\u201d ker\u00fcl biztos\u00edt\u00e1sra, b\u00e1rmilyen teljess\u00e9gre, pontoss\u00e1gra, id\u0151szer\u0171s\u00e9gre vagy az inform\u00e1ci\u00f3k felhaszn\u00e1l\u00e1s\u00e1b\u00f3l sz\u00e1rmaz\u00f3 eredm\u00e9nyekre vonatkoz\u00f3 garancia n\u00e9lk\u00fcl. Nem v\u00e1llalunk semmilyen kifejezett vagy hallgat\u00f3lagos garanci\u00e1t, ide\u00e9rtve, de nem kiz\u00e1r\u00f3lagosan, a teljes\u00edtm\u00e9nyre, eladhat\u00f3s\u00e1gra \u00e9s egy adott c\u00e9lra val\u00f3 alkalmass\u00e1gra vonatkoz\u00f3 garanci\u00e1kat.<\/p>\n<p>A T\u00e1rsas\u00e1g nem v\u00e1llal felel\u0151ss\u00e9get \u00d6n vagy b\u00e1rki m\u00e1s ir\u00e1ny\u00e1ban semmilyen d\u00f6nt\u00e9s\u00e9rt vagy cselekv\u00e9s\u00e9rt, amely a Szolg\u00e1ltat\u00e1s \u00e1ltal ny\u00fajtott inform\u00e1ci\u00f3kra alapozott, illetve semmilyen k\u00f6vetkezm\u00e9nyes, k\u00fcl\u00f6nleges vagy hasonl\u00f3 k\u00e1r\u00e9rt, m\u00e9g abban az esetben sem, ha az ilyen k\u00e1rok lehet\u0151s\u00e9g\u00e9re el\u0151zetesen felh\u00edvt\u00e1k a figyelmet.<\/p>\n<h3>SZEREP\u00dcNK<\/h3>\n<p>A Show Me Sailing kiz\u00e1r\u00f3lag k\u00f6zvet\u00edt\u0151k\u00e9nt (\u00fcgyn\u00f6kk\u00e9nt) m\u0171k\u00f6dik az \u00fcgyf\u00e9l \u00e9s a haj\u00f3t \u00fczemeltet\u0151 charterc\u00e9g k\u00f6z\u00f6tt.<br \/>\nC\u00e9lunk, hogy seg\u00edts\u00fcnk kiv\u00e1lasztani az \u00d6nnek legmegfelel\u0151bb haj\u00f3t, \u00fati c\u00e9lt \u00e9s id\u0151pontot, valamint leegyszer\u0171s\u00edts\u00fck a foglal\u00e1s \u00e9s a kommunik\u00e1ci\u00f3 folyamat\u00e1t.<br \/>\nA Show Me Sailing nem haj\u00f3tulajdonos \u00e9s nem utaz\u00e1sszervez\u0151, hanem szem\u00e9lyes \u00fcgyn\u00f6ke, aki biztons\u00e1gos kapcsolatot teremt megb\u00edzhat\u00f3 charterc\u00e9gekkel.<\/p>\n<h3>A CHARTERC\u00c9G FELEL\u0150SS\u00c9GE<\/h3>\n<p>A charterc\u00e9g az \u00fcgyf\u00e9llel szerz\u0151d\u00e9ses jogviszonyban \u00e1ll, \u00e9s teljes m\u00e9rt\u00e9kben felel\u0151s:<br \/>\n\u2022 a haj\u00f3 m\u0171szaki \u00e1llapot\u00e1\u00e9rt \u00e9s felszerelts\u00e9g\u00e9\u00e9rt,<br \/>\n\u2022 a szolg\u00e1ltat\u00e1sok min\u0151s\u00e9g\u00e9\u00e9rt,<br \/>\n\u2022 a kauci\u00f3 kezel\u00e9s\u00e9\u00e9rt \u00e9s visszafizet\u00e9s\u00e9\u00e9rt,<br \/>\n\u2022 a m\u0171szaki probl\u00e9m\u00e1k \u00e9s panaszok rendez\u00e9s\u00e9\u00e9rt.<\/p>\n<h3>A SHOW ME SAILING SZEREPE AZ UTAZ\u00c1S SOR\u00c1N<\/h3>\n<p>A Show Me Sailing tan\u00e1csad\u00f3i \u00e9s logisztikai t\u00e1mogat\u00e1st ny\u00fajt az utaz\u00e1s el\u0151tt, alatt \u00e9s ut\u00e1n.<br \/>\nEz a t\u00e1mogat\u00e1s inform\u00e1ci\u00f3s jelleg\u0171, \u00e9s nem jelent jogi felel\u0151ss\u00e9get a charter-szerz\u0151d\u00e9s teljes\u00edt\u00e9s\u00e9\u00e9rt vagy technikai probl\u00e9m\u00e1k\u00e9rt.<\/p>\n<h3>FELEL\u0150SS\u00c9G KORL\u00c1TOZ\u00c1SA<\/h3>\n<p>A Show Me Sailing nem vonhat\u00f3 felel\u0151ss\u00e9gre:<br \/>\n\u2022 m\u0171szaki hib\u00e1k\u00e9rt,<br \/>\n\u2022 k\u00e9s\u00e9sek\u00e9rt, lemond\u00e1sok\u00e9rt vagy m\u00f3dos\u00edt\u00e1sok\u00e9rt a charterc\u00e9g r\u00e9sz\u00e9r\u0151l,<br \/>\n\u2022 id\u0151j\u00e1r\u00e1si k\u00f6r\u00fclm\u00e9nyek\u00e9rt, \u00fatvonalv\u00e1ltoz\u00e1sok\u00e9rt vagy harmadik felek (skipper, leg\u00e9nys\u00e9g, kik\u00f6t\u0151k stb.) magatart\u00e1s\u00e1\u00e9rt,<br \/>\n\u2022 az \u00fcgyf\u00e9l szubjekt\u00edv el\u00e9gedetlens\u00e9g\u00e9\u00e9rt.<br \/>\nA Show Me Sailing maxim\u00e1lis felel\u0151ss\u00e9ge legfeljebb a kapott jutal\u00e9k \u00f6sszeg\u00e9ig terjed.<\/p>\n<h3>ELK\u00d6TELEZETTS\u00c9G\u00dcNK<\/h3>\n<p>Csak megb\u00edzhat\u00f3, bejegyzett charterc\u00e9gekkel dolgozunk egy\u00fctt, minden aj\u00e1nlatot ellen\u0151rz\u00fcnk, \u00e9s az utaz\u00e1s teljes ideje alatt az \u00d6n rendelkez\u00e9s\u00e9re \u00e1llunk.<\/p>\n<h3>HOZZ\u00c1J\u00c1RUL\u00c1S MEGER\u0150S\u00cdT\u00c9SE<\/h3>\n<p>Aj\u00e1nlatk\u00e9r\u00e9s, foglal\u00e1s vagy el\u0151legfizet\u00e9s eset\u00e9n az \u00fcgyf\u00e9l kijelenti, hogy elolvasta \u00e9s elfogadta jelen felt\u00e9teleket.<\/p>\n<h3>L\u00c9PJEN KAPCSOLATBA VEL\u00dcNK<\/h3>\n<p>Ha b\u00e1rmilyen k\u00e9rd\u00e9se van ezzel a felel\u0151ss\u00e9gkiz\u00e1r\u00e1si nyilatkozattal kapcsolatban, az al\u00e1bbi m\u00f3dokon l\u00e9phet vel\u00fcnk kapcsolatba:<br \/>\nE-mailben: booking.hu@showmesailing.com<br \/>\nWeboldalunk Kapcsolat oldal\u00e1n: https:\/\/showmesailing.com\/hu\/kapcsolat\/<br \/>\nTelefonon: +36 30 8130476<\/span><\/div><\/div><\/div><\/div><\/div><\/div>\n","protected":false},"excerpt":{"rendered":"","protected":false},"author":2,"featured_media":0,"parent":0,"menu_order":0,"comment_status":"closed","ping_status":"closed","template":"","meta":{"footnotes":""},"class_list":["post-1352","page","type-page","status-publish","hentry"],"yoast_head":"<!-- This site is optimized with the Yoast SEO plugin v27.5 - https:\/\/yoast.com\/product\/yoast-seo-wordpress\/ -->\n<title>A FELEL\u0150SS\u00c9G NYILATKOZATA - ShowMeSailing.com-Hu<\/title>\n<meta name=\"robots\" content=\"index, follow, max-snippet:-1, max-image-preview:large, max-video-preview:-1\" \/>\n<link rel=\"canonical\" href=\"https:\/\/showmesailing.com\/hu\/felelossegkizaras\/\" \/>\n<meta property=\"og:locale\" content=\"en_US\" \/>\n<meta property=\"og:type\" content=\"article\" \/>\n<meta property=\"og:title\" content=\"A FELEL\u0150SS\u00c9G NYILATKOZATA - ShowMeSailing.com-Hu\" \/>\n<meta property=\"og:url\" content=\"https:\/\/showmesailing.com\/hu\/felelossegkizaras\/\" \/>\n<meta property=\"og:site_name\" content=\"ShowMeSailing.com-Hu\" \/>\n<meta property=\"article:modified_time\" content=\"2025-10-10T21:06:35+00:00\" \/>\n<meta name=\"twitter:card\" content=\"summary_large_image\" \/>\n<meta name=\"twitter:label1\" content=\"Est. reading time\" \/>\n\t<meta name=\"twitter:data1\" content=\"4 minutes\" \/>\n<script type=\"application\/ld+json\" class=\"yoast-schema-graph\">{\"@context\":\"https:\\\/\\\/schema.org\",\"@graph\":[{\"@type\":\"WebPage\",\"@id\":\"https:\\\/\\\/showmesailing.com\\\/hu\\\/felelossegkizaras\\\/\",\"url\":\"https:\\\/\\\/showmesailing.com\\\/hu\\\/felelossegkizaras\\\/\",\"name\":\"A FELEL\u0150SS\u00c9G NYILATKOZATA - ShowMeSailing.com-Hu\",\"isPartOf\":{\"@id\":\"https:\\\/\\\/showmesailing.com\\\/hu\\\/#website\"},\"datePublished\":\"2021-08-06T09:05:44+00:00\",\"dateModified\":\"2025-10-10T21:06:35+00:00\",\"breadcrumb\":{\"@id\":\"https:\\\/\\\/showmesailing.com\\\/hu\\\/felelossegkizaras\\\/#breadcrumb\"},\"inLanguage\":\"en-US\",\"potentialAction\":[{\"@type\":\"ReadAction\",\"target\":[\"https:\\\/\\\/showmesailing.com\\\/hu\\\/felelossegkizaras\\\/\"]}]},{\"@type\":\"BreadcrumbList\",\"@id\":\"https:\\\/\\\/showmesailing.com\\\/hu\\\/felelossegkizaras\\\/#breadcrumb\",\"itemListElement\":[{\"@type\":\"ListItem\",\"position\":1,\"name\":\"Home\",\"item\":\"https:\\\/\\\/showmesailing.com\\\/hu\\\/\"},{\"@type\":\"ListItem\",\"position\":2,\"name\":\"A FELEL\u0150SS\u00c9G NYILATKOZATA\"}]},{\"@type\":\"WebSite\",\"@id\":\"https:\\\/\\\/showmesailing.com\\\/hu\\\/#website\",\"url\":\"https:\\\/\\\/showmesailing.com\\\/hu\\\/\",\"name\":\"ShowMeSailing.com-Hu\",\"description\":\"Cs\u00f3nakb\u00e9rl\u00e9s | Vitorl\u00e1s jacht\",\"potentialAction\":[{\"@type\":\"SearchAction\",\"target\":{\"@type\":\"EntryPoint\",\"urlTemplate\":\"https:\\\/\\\/showmesailing.com\\\/hu\\\/?s={search_term_string}\"},\"query-input\":{\"@type\":\"PropertyValueSpecification\",\"valueRequired\":true,\"valueName\":\"search_term_string\"}}],\"inLanguage\":\"en-US\"}]}<\/script>\n<!-- \/ Yoast SEO plugin. -->","yoast_head_json":{"title":"A FELEL\u0150SS\u00c9G NYILATKOZATA - ShowMeSailing.com-Hu","robots":{"index":"index","follow":"follow","max-snippet":"max-snippet:-1","max-image-preview":"max-image-preview:large","max-video-preview":"max-video-preview:-1"},"canonical":"https:\/\/showmesailing.com\/hu\/felelossegkizaras\/","og_locale":"en_US","og_type":"article","og_title":"A FELEL\u0150SS\u00c9G NYILATKOZATA - ShowMeSailing.com-Hu","og_url":"https:\/\/showmesailing.com\/hu\/felelossegkizaras\/","og_site_name":"ShowMeSailing.com-Hu","article_modified_time":"2025-10-10T21:06:35+00:00","twitter_card":"summary_large_image","twitter_misc":{"Est. reading time":"4 minutes"},"schema":{"@context":"https:\/\/schema.org","@graph":[{"@type":"WebPage","@id":"https:\/\/showmesailing.com\/hu\/felelossegkizaras\/","url":"https:\/\/showmesailing.com\/hu\/felelossegkizaras\/","name":"A FELEL\u0150SS\u00c9G NYILATKOZATA - ShowMeSailing.com-Hu","isPartOf":{"@id":"https:\/\/showmesailing.com\/hu\/#website"},"datePublished":"2021-08-06T09:05:44+00:00","dateModified":"2025-10-10T21:06:35+00:00","breadcrumb":{"@id":"https:\/\/showmesailing.com\/hu\/felelossegkizaras\/#breadcrumb"},"inLanguage":"en-US","potentialAction":[{"@type":"ReadAction","target":["https:\/\/showmesailing.com\/hu\/felelossegkizaras\/"]}]},{"@type":"BreadcrumbList","@id":"https:\/\/showmesailing.com\/hu\/felelossegkizaras\/#breadcrumb","itemListElement":[{"@type":"ListItem","position":1,"name":"Home","item":"https:\/\/showmesailing.com\/hu\/"},{"@type":"ListItem","position":2,"name":"A FELEL\u0150SS\u00c9G NYILATKOZATA"}]},{"@type":"WebSite","@id":"https:\/\/showmesailing.com\/hu\/#website","url":"https:\/\/showmesailing.com\/hu\/","name":"ShowMeSailing.com-Hu","description":"Cs\u00f3nakb\u00e9rl\u00e9s | Vitorl\u00e1s jacht","potentialAction":[{"@type":"SearchAction","target":{"@type":"EntryPoint","urlTemplate":"https:\/\/showmesailing.com\/hu\/?s={search_term_string}"},"query-input":{"@type":"PropertyValueSpecification","valueRequired":true,"valueName":"search_term_string"}}],"inLanguage":"en-US"}]}},"_links":{"self":[{"href":"https:\/\/showmesailing.com\/hu\/wp-json\/wp\/v2\/pages\/1352","targetHints":{"allow":["GET"]}}],"collection":[{"href":"https:\/\/showmesailing.com\/hu\/wp-json\/wp\/v2\/pages"}],"about":[{"href":"https:\/\/showmesailing.com\/hu\/wp-json\/wp\/v2\/types\/page"}],"author":[{"embeddable":true,"href":"https:\/\/showmesailing.com\/hu\/wp-json\/wp\/v2\/users\/2"}],"replies":[{"embeddable":true,"href":"https:\/\/showmesailing.com\/hu\/wp-json\/wp\/v2\/comments?post=1352"}],"version-history":[{"count":5,"href":"https:\/\/showmesailing.com\/hu\/wp-json\/wp\/v2\/pages\/1352\/revisions"}],"predecessor-version":[{"id":2231,"href":"https:\/\/showmesailing.com\/hu\/wp-json\/wp\/v2\/pages\/1352\/revisions\/2231"}],"wp:attachment":[{"href":"https:\/\/showmesailing.com\/hu\/wp-json\/wp\/v2\/media?parent=1352"}],"curies":[{"name":"wp","href":"https:\/\/api.w.org\/{rel}","templated":true}]}}